{"id":111,"date":"2023-11-13T09:54:38","date_gmt":"2023-11-13T09:54:38","guid":{"rendered":"https:\/\/aqua-hotel.ms2.decms.eu\/?page_id=111"},"modified":"2023-11-14T09:55:23","modified_gmt":"2023-11-14T09:55:23","slug":"habitaciones","status":"publish","type":"page","link":"https:\/\/www.aquahotel.pt\/es\/habitaciones\/","title":{"rendered":"Habitaciones"},"content":{"rendered":"<p style=\"text-align: center;\">Las 53 habitaciones del <strong>Aqua Hotel<\/strong>, completamente equipadas, son espacios c\u00f3modos y amplios, <strong>dise\u00f1ados para garantizar el descanso y bienestar que necesitas<\/strong>. Adem\u00e1s, disponen de todos los servicios necesarios para hacer de tu estancia una agradable experiencia.<\/p>\n","protected":false},"excerpt":{"rendered":"<p>Las 53 habitaciones del Aqua Hotel, completamente equipadas, son espacios c\u00f3modos y amplios, dise\u00f1ados para garantizar el descanso y bienestar que necesitas. Adem\u00e1s, disponen de todos los servicios necesarios para hacer de tu estancia una agradable experiencia.<\/p>\n","protected":false},"author":13,"featured_media":0,"parent":0,"menu_order":5,"comment_status":"closed","ping_status":"closed","template":"template-rooms.php","meta":{"footnotes":""},"class_list":["post-111","page","type-page","status-publish","hentry"],"yoast_head":"<!-- This site is optimized with the Yoast SEO plugin v27.3 - https:\/\/yoast.com\/product\/yoast-seo-wordpress\/ -->\n<title>Habitaciones - Aqua Hotel -<\/title>\n<meta name=\"description\" content=\"Las 53 habitaciones del Aqua Hotel, completamente equipadas, son espacios c\u00f3modos y amplios, dise\u00f1ados para garantizar el descanso y bienestar que necesitas. Adem\u00e1s, disponen de todos los servicios necesarios para hacer de tu estancia una agradable experiencia.\" \/>\n<meta name=\"robots\" content=\"index, follow, max-snippet:-1, max-image-preview:large, max-video-preview:-1\" \/>\n<link rel=\"canonical\" href=\"https:\/\/www.aquahotel.pt\/es\/habitaciones\/\" \/>\n<meta property=\"og:locale\" content=\"es_ES\" \/>\n<meta property=\"og:type\" content=\"article\" \/>\n<meta property=\"og:title\" content=\"Habitaciones - Aqua Hotel -\" \/>\n<meta property=\"og:description\" content=\"Las 53 habitaciones del Aqua Hotel, completamente equipadas, son espacios c\u00f3modos y amplios, dise\u00f1ados para garantizar el descanso y bienestar que necesitas. Adem\u00e1s, disponen de todos los servicios necesarios para hacer de tu estancia una agradable experiencia.\" \/>\n<meta property=\"og:url\" content=\"https:\/\/www.aquahotel.pt\/es\/habitaciones\/\" \/>\n<meta property=\"og:site_name\" content=\"Aqua Hotel\" \/>\n<meta property=\"article:modified_time\" content=\"2023-11-14T09:55:23+00:00\" \/>\n<meta property=\"og:image\" content=\"https:\/\/www.aquahotel.pt\/wp-content\/uploads\/sites\/79\/2023\/11\/Aqua_hotel_home_slide01-1.jpg\" \/>\n\t<meta property=\"og:image:width\" content=\"2200\" \/>\n\t<meta property=\"og:image:height\" content=\"1200\" \/>\n\t<meta property=\"og:image:type\" content=\"image\/jpeg\" \/>\n<meta name=\"twitter:card\" content=\"summary_large_image\" \/>\n<script type=\"application\/ld+json\" class=\"yoast-schema-graph\">{\"@context\":\"https:\\\/\\\/schema.org\",\"@graph\":[{\"@type\":\"WebPage\",\"@id\":\"https:\\\/\\\/www.aquahotel.pt\\\/es\\\/habitaciones\\\/\",\"url\":\"https:\\\/\\\/www.aquahotel.pt\\\/es\\\/habitaciones\\\/\",\"name\":\"Habitaciones - Aqua Hotel -\",\"isPartOf\":{\"@id\":\"https:\\\/\\\/www.aquahotel.pt\\\/es\\\/#website\"},\"datePublished\":\"2023-11-13T09:54:38+00:00\",\"dateModified\":\"2023-11-14T09:55:23+00:00\",\"description\":\"Las 53 habitaciones del Aqua Hotel, completamente equipadas, son espacios c\u00f3modos y amplios, dise\u00f1ados para garantizar el descanso y bienestar que necesitas. Adem\u00e1s, disponen de todos los servicios necesarios para hacer de tu estancia una agradable experiencia.\",\"breadcrumb\":{\"@id\":\"https:\\\/\\\/www.aquahotel.pt\\\/es\\\/habitaciones\\\/#breadcrumb\"},\"inLanguage\":\"es\",\"potentialAction\":[{\"@type\":\"ReadAction\",\"target\":[\"https:\\\/\\\/www.aquahotel.pt\\\/es\\\/habitaciones\\\/\"]}]},{\"@type\":\"BreadcrumbList\",\"@id\":\"https:\\\/\\\/www.aquahotel.pt\\\/es\\\/habitaciones\\\/#breadcrumb\",\"itemListElement\":[{\"@type\":\"ListItem\",\"position\":1,\"name\":\"Home\",\"item\":\"https:\\\/\\\/www.aquahotel.pt\\\/es\\\/\"},{\"@type\":\"ListItem\",\"position\":2,\"name\":\"Habitaciones\"}]},{\"@type\":\"WebSite\",\"@id\":\"https:\\\/\\\/www.aquahotel.pt\\\/es\\\/#website\",\"url\":\"https:\\\/\\\/www.aquahotel.pt\\\/es\\\/\",\"name\":\"Aqua Hotel\",\"description\":\"\",\"potentialAction\":[{\"@type\":\"SearchAction\",\"target\":{\"@type\":\"EntryPoint\",\"urlTemplate\":\"https:\\\/\\\/www.aquahotel.pt\\\/es\\\/?s={search_term_string}\"},\"query-input\":{\"@type\":\"PropertyValueSpecification\",\"valueRequired\":true,\"valueName\":\"search_term_string\"}}],\"inLanguage\":\"es\"}]}<\/script>\n<!-- \/ Yoast SEO plugin. -->","yoast_head_json":{"title":"Habitaciones - Aqua Hotel -","description":"Las 53 habitaciones del Aqua Hotel, completamente equipadas, son espacios c\u00f3modos y amplios, dise\u00f1ados para garantizar el descanso y bienestar que necesitas. Adem\u00e1s, disponen de todos los servicios necesarios para hacer de tu estancia una agradable experiencia.","robots":{"index":"index","follow":"follow","max-snippet":"max-snippet:-1","max-image-preview":"max-image-preview:large","max-video-preview":"max-video-preview:-1"},"canonical":"https:\/\/www.aquahotel.pt\/es\/habitaciones\/","og_locale":"es_ES","og_type":"article","og_title":"Habitaciones - Aqua Hotel -","og_description":"Las 53 habitaciones del Aqua Hotel, completamente equipadas, son espacios c\u00f3modos y amplios, dise\u00f1ados para garantizar el descanso y bienestar que necesitas. Adem\u00e1s, disponen de todos los servicios necesarios para hacer de tu estancia una agradable experiencia.","og_url":"https:\/\/www.aquahotel.pt\/es\/habitaciones\/","og_site_name":"Aqua Hotel","article_modified_time":"2023-11-14T09:55:23+00:00","og_image":[{"width":2200,"height":1200,"url":"https:\/\/www.aquahotel.pt\/wp-content\/uploads\/sites\/79\/2023\/11\/Aqua_hotel_home_slide01-1.jpg","type":"image\/jpeg"}],"twitter_card":"summary_large_image","schema":{"@context":"https:\/\/schema.org","@graph":[{"@type":"WebPage","@id":"https:\/\/www.aquahotel.pt\/es\/habitaciones\/","url":"https:\/\/www.aquahotel.pt\/es\/habitaciones\/","name":"Habitaciones - Aqua Hotel -","isPartOf":{"@id":"https:\/\/www.aquahotel.pt\/es\/#website"},"datePublished":"2023-11-13T09:54:38+00:00","dateModified":"2023-11-14T09:55:23+00:00","description":"Las 53 habitaciones del Aqua Hotel, completamente equipadas, son espacios c\u00f3modos y amplios, dise\u00f1ados para garantizar el descanso y bienestar que necesitas. Adem\u00e1s, disponen de todos los servicios necesarios para hacer de tu estancia una agradable experiencia.","breadcrumb":{"@id":"https:\/\/www.aquahotel.pt\/es\/habitaciones\/#breadcrumb"},"inLanguage":"es","potentialAction":[{"@type":"ReadAction","target":["https:\/\/www.aquahotel.pt\/es\/habitaciones\/"]}]},{"@type":"BreadcrumbList","@id":"https:\/\/www.aquahotel.pt\/es\/habitaciones\/#breadcrumb","itemListElement":[{"@type":"ListItem","position":1,"name":"Home","item":"https:\/\/www.aquahotel.pt\/es\/"},{"@type":"ListItem","position":2,"name":"Habitaciones"}]},{"@type":"WebSite","@id":"https:\/\/www.aquahotel.pt\/es\/#website","url":"https:\/\/www.aquahotel.pt\/es\/","name":"Aqua Hotel","description":"","potentialAction":[{"@type":"SearchAction","target":{"@type":"EntryPoint","urlTemplate":"https:\/\/www.aquahotel.pt\/es\/?s={search_term_string}"},"query-input":{"@type":"PropertyValueSpecification","valueRequired":true,"valueName":"search_term_string"}}],"inLanguage":"es"}]}},"acf":[],"_links":{"self":[{"href":"https:\/\/www.aquahotel.pt\/es\/wp-json\/wp\/v2\/pages\/111","targetHints":{"allow":["GET"]}}],"collection":[{"href":"https:\/\/www.aquahotel.pt\/es\/wp-json\/wp\/v2\/pages"}],"about":[{"href":"https:\/\/www.aquahotel.pt\/es\/wp-json\/wp\/v2\/types\/page"}],"author":[{"embeddable":true,"href":"https:\/\/www.aquahotel.pt\/es\/wp-json\/wp\/v2\/users\/13"}],"replies":[{"embeddable":true,"href":"https:\/\/www.aquahotel.pt\/es\/wp-json\/wp\/v2\/comments?post=111"}],"version-history":[{"count":0,"href":"https:\/\/www.aquahotel.pt\/es\/wp-json\/wp\/v2\/pages\/111\/revisions"}],"wp:attachment":[{"href":"https:\/\/www.aquahotel.pt\/es\/wp-json\/wp\/v2\/media?parent=111"}],"curies":[{"name":"wp","href":"https:\/\/api.w.org\/{rel}","templated":true}]}}