{"id":419,"date":"2025-08-11T10:08:24","date_gmt":"2025-08-11T10:08:24","guid":{"rendered":"https:\/\/www.aquahotel.pt\/?page_id=419"},"modified":"2025-08-13T09:55:01","modified_gmt":"2025-08-13T09:55:01","slug":"busqueda-de-azulejos","status":"publish","type":"page","link":"https:\/\/www.aquahotel.pt\/es\/programacion\/busqueda-de-azulejos\/","title":{"rendered":"B\u00fasqueda de Azulejos"},"content":{"rendered":"<p>Ovar es conocida por sus azulejos, un patrimonio vivo que marca fachadas, tradiciones y la identidad misma de la ciudad.<\/p>\n<p>Fue esta riqueza la que inspir\u00f3 a Rafael Salinas Calado, del Museo Nacional del Azulejo, a llamarla la Ciudad Museo del Azulejo Vivo.<\/p>\n<p>Y ahora&#8230; le toca a uste unirse a la historia.<\/p>\n<p>\u00bfC\u00f3mo funciona?<\/p>\n<ol>\n<li>Eligir su azulejo<\/li>\n<\/ol>\n<p>En nuestra pared, cerca de la recepci\u00f3n, encontrar\u00e1 varios azulejos representativos de la ciudad. Elija el que m\u00e1s le inspire, el que, de alguna manera, marque su estancia.<\/p>\n<ol start=\"2\">\n<li>Buscar azulejos<\/li>\n<\/ol>\n<p>Solicie un mapa en recepci\u00f3n y siga hasta la Rua dos Azulejos. Explore con atenci\u00f3n: \u00a1su azulejo est\u00e1 all\u00ed, en una de las fachadas hist\u00f3ricas!<\/p>\n<ol start=\"3\">\n<li>Fotografe el reencuentro<\/li>\n<\/ol>\n<p>T\u00f3mase una foto junto al azulejo original. Mu\u00e9strenosla a su regreso y tambi\u00e9n puede etiquetarnos en redes sociales.<\/p>\n<ol start=\"4\">\n<li>Reciba su recompensa<\/li>\n<\/ol>\n<p>Muestre la foto en recepci\u00f3n y disfrute de una bebida de cortes\u00eda en nuestro bar.<\/p>\n<p>&gt; As\u00ed como las baldosas cuentan historias, esta se contar\u00e1 la suya: la historia de su visita al Hotel Aqua.<\/p>\n","protected":false},"excerpt":{"rendered":"<p>Ovar es conocida por sus azulejos, un patrimonio vivo que marca fachadas, tradiciones y la identidad misma de la ciudad. Fue esta riqueza la que inspir\u00f3 a Rafael Salinas Calado, del Museo Nacional del Azulejo, a llamarla la Ciudad Museo del Azulejo Vivo. Y ahora&#8230; le toca a uste unirse a la historia. \u00bfC\u00f3mo funciona? [&hellip;]<\/p>\n","protected":false},"author":199,"featured_media":0,"parent":421,"menu_order":82,"comment_status":"closed","ping_status":"closed","template":"template-events.php","meta":{"footnotes":""},"yoast_head":"<!-- This site is optimized with the Yoast SEO plugin v22.3 - https:\/\/yoast.com\/wordpress\/plugins\/seo\/ -->\n<title>B\u00fasqueda de Azulejos - Aqua Hotel -<\/title>\n<meta name=\"description\" content=\"Ovar es conocida por sus azulejos, un patrimonio vivo que marca fachadas, tradiciones y la identidad misma de la ciudad.  Fue esta riqueza la que inspir\u00f3 a Rafael Salinas Calado, del Museo Nacional del Azulejo, a llamarla la Ciudad Museo del Azulejo Vivo.  Y ahora... le toca a uste unirse a la historia.  \u00bfC\u00f3mo funciona?   Eligir su azulejo  En nuestra pared, cerca de la recepci\u00f3n, encontrar\u00e1 varios azulejos representativos de la ciudad\" \/>\n<meta name=\"robots\" content=\"index, follow, max-snippet:-1, max-image-preview:large, max-video-preview:-1\" \/>\n<link rel=\"canonical\" href=\"https:\/\/www.aquahotel.pt\/es\/programacion\/busqueda-de-azulejos\/\" \/>\n<meta property=\"og:locale\" content=\"es_ES\" \/>\n<meta property=\"og:type\" content=\"article\" \/>\n<meta property=\"og:title\" content=\"B\u00fasqueda de Azulejos - Aqua Hotel -\" \/>\n<meta property=\"og:description\" content=\"Ovar es conocida por sus azulejos, un patrimonio vivo que marca fachadas, tradiciones y la identidad misma de la ciudad.  Fue esta riqueza la que inspir\u00f3 a Rafael Salinas Calado, del Museo Nacional del Azulejo, a llamarla la Ciudad Museo del Azulejo Vivo.  Y ahora... le toca a uste unirse a la historia.  \u00bfC\u00f3mo funciona?   Eligir su azulejo  En nuestra pared, cerca de la recepci\u00f3n, encontrar\u00e1 varios azulejos representativos de la ciudad\" \/>\n<meta property=\"og:url\" content=\"https:\/\/www.aquahotel.pt\/es\/programacion\/busqueda-de-azulejos\/\" \/>\n<meta property=\"og:site_name\" content=\"Aqua Hotel\" \/>\n<meta property=\"article:modified_time\" content=\"2025-08-13T09:55:01+00:00\" \/>\n<meta property=\"og:image\" content=\"https:\/\/www.aquahotel.pt\/wp-content\/uploads\/sites\/79\/2023\/11\/Aqua_hotel_home_slide01-1.jpg\" \/>\n\t<meta property=\"og:image:width\" content=\"2200\" \/>\n\t<meta property=\"og:image:height\" content=\"1200\" \/>\n\t<meta property=\"og:image:type\" content=\"image\/jpeg\" \/>\n<meta name=\"twitter:card\" content=\"summary_large_image\" \/>\n<meta name=\"twitter:label1\" content=\"Tiempo de lectura\" \/>\n\t<meta name=\"twitter:data1\" content=\"1 minuto\" \/>\n<script type=\"application\/ld+json\" class=\"yoast-schema-graph\">{\"@context\":\"https:\/\/schema.org\",\"@graph\":[{\"@type\":\"WebPage\",\"@id\":\"https:\/\/www.aquahotel.pt\/es\/programacion\/busqueda-de-azulejos\/\",\"url\":\"https:\/\/www.aquahotel.pt\/es\/programacion\/busqueda-de-azulejos\/\",\"name\":\"B\u00fasqueda de Azulejos - Aqua Hotel -\",\"isPartOf\":{\"@id\":\"https:\/\/www.aquahotel.pt\/es\/#website\"},\"datePublished\":\"2025-08-11T10:08:24+00:00\",\"dateModified\":\"2025-08-13T09:55:01+00:00\",\"description\":\"Ovar es conocida por sus azulejos, un patrimonio vivo que marca fachadas, tradiciones y la identidad misma de la ciudad. Fue esta riqueza la que inspir\u00f3 a Rafael Salinas Calado, del Museo Nacional del Azulejo, a llamarla la Ciudad Museo del Azulejo Vivo. Y ahora... le toca a uste unirse a la historia. \u00bfC\u00f3mo funciona? \u2022 Eligir su azulejo En nuestra pared, cerca de la recepci\u00f3n, encontrar\u00e1 varios azulejos representativos de la ciudad\",\"breadcrumb\":{\"@id\":\"https:\/\/www.aquahotel.pt\/es\/programacion\/busqueda-de-azulejos\/#breadcrumb\"},\"inLanguage\":\"es\",\"potentialAction\":[{\"@type\":\"ReadAction\",\"target\":[\"https:\/\/www.aquahotel.pt\/es\/programacion\/busqueda-de-azulejos\/\"]}]},{\"@type\":\"BreadcrumbList\",\"@id\":\"https:\/\/www.aquahotel.pt\/es\/programacion\/busqueda-de-azulejos\/#breadcrumb\",\"itemListElement\":[{\"@type\":\"ListItem\",\"position\":1,\"name\":\"Home\",\"item\":\"https:\/\/www.aquahotel.pt\/es\/\"},{\"@type\":\"ListItem\",\"position\":2,\"name\":\"Programaci\u00f3n\",\"item\":\"https:\/\/www.aquahotel.pt\/es\/programacion\/\"},{\"@type\":\"ListItem\",\"position\":3,\"name\":\"B\u00fasqueda de Azulejos\"}]},{\"@type\":\"WebSite\",\"@id\":\"https:\/\/www.aquahotel.pt\/es\/#website\",\"url\":\"https:\/\/www.aquahotel.pt\/es\/\",\"name\":\"Aqua Hotel\",\"description\":\"\",\"potentialAction\":[{\"@type\":\"SearchAction\",\"target\":{\"@type\":\"EntryPoint\",\"urlTemplate\":\"https:\/\/www.aquahotel.pt\/es\/?s={search_term_string}\"},\"query-input\":\"required name=search_term_string\"}],\"inLanguage\":\"es\"}]}<\/script>\n<!-- \/ Yoast SEO plugin. -->","yoast_head_json":{"title":"B\u00fasqueda de Azulejos - Aqua Hotel -","description":"Ovar es conocida por sus azulejos, un patrimonio vivo que marca fachadas, tradiciones y la identidad misma de la ciudad.  Fue esta riqueza la que inspir\u00f3 a Rafael Salinas Calado, del Museo Nacional del Azulejo, a llamarla la Ciudad Museo del Azulejo Vivo.  Y ahora... le toca a uste unirse a la historia.  \u00bfC\u00f3mo funciona?   Eligir su azulejo  En nuestra pared, cerca de la recepci\u00f3n, encontrar\u00e1 varios azulejos representativos de la ciudad","robots":{"index":"index","follow":"follow","max-snippet":"max-snippet:-1","max-image-preview":"max-image-preview:large","max-video-preview":"max-video-preview:-1"},"canonical":"https:\/\/www.aquahotel.pt\/es\/programacion\/busqueda-de-azulejos\/","og_locale":"es_ES","og_type":"article","og_title":"B\u00fasqueda de Azulejos - Aqua Hotel -","og_description":"Ovar es conocida por sus azulejos, un patrimonio vivo que marca fachadas, tradiciones y la identidad misma de la ciudad.  Fue esta riqueza la que inspir\u00f3 a Rafael Salinas Calado, del Museo Nacional del Azulejo, a llamarla la Ciudad Museo del Azulejo Vivo.  Y ahora... le toca a uste unirse a la historia.  \u00bfC\u00f3mo funciona?   Eligir su azulejo  En nuestra pared, cerca de la recepci\u00f3n, encontrar\u00e1 varios azulejos representativos de la ciudad","og_url":"https:\/\/www.aquahotel.pt\/es\/programacion\/busqueda-de-azulejos\/","og_site_name":"Aqua Hotel","article_modified_time":"2025-08-13T09:55:01+00:00","og_image":[{"width":2200,"height":1200,"url":"https:\/\/www.aquahotel.pt\/wp-content\/uploads\/sites\/79\/2023\/11\/Aqua_hotel_home_slide01-1.jpg","type":"image\/jpeg"}],"twitter_card":"summary_large_image","twitter_misc":{"Tiempo de lectura":"1 minuto"},"schema":{"@context":"https:\/\/schema.org","@graph":[{"@type":"WebPage","@id":"https:\/\/www.aquahotel.pt\/es\/programacion\/busqueda-de-azulejos\/","url":"https:\/\/www.aquahotel.pt\/es\/programacion\/busqueda-de-azulejos\/","name":"B\u00fasqueda de Azulejos - Aqua Hotel -","isPartOf":{"@id":"https:\/\/www.aquahotel.pt\/es\/#website"},"datePublished":"2025-08-11T10:08:24+00:00","dateModified":"2025-08-13T09:55:01+00:00","description":"Ovar es conocida por sus azulejos, un patrimonio vivo que marca fachadas, tradiciones y la identidad misma de la ciudad. Fue esta riqueza la que inspir\u00f3 a Rafael Salinas Calado, del Museo Nacional del Azulejo, a llamarla la Ciudad Museo del Azulejo Vivo. Y ahora... le toca a uste unirse a la historia. \u00bfC\u00f3mo funciona? \u2022 Eligir su azulejo En nuestra pared, cerca de la recepci\u00f3n, encontrar\u00e1 varios azulejos representativos de la ciudad","breadcrumb":{"@id":"https:\/\/www.aquahotel.pt\/es\/programacion\/busqueda-de-azulejos\/#breadcrumb"},"inLanguage":"es","potentialAction":[{"@type":"ReadAction","target":["https:\/\/www.aquahotel.pt\/es\/programacion\/busqueda-de-azulejos\/"]}]},{"@type":"BreadcrumbList","@id":"https:\/\/www.aquahotel.pt\/es\/programacion\/busqueda-de-azulejos\/#breadcrumb","itemListElement":[{"@type":"ListItem","position":1,"name":"Home","item":"https:\/\/www.aquahotel.pt\/es\/"},{"@type":"ListItem","position":2,"name":"Programaci\u00f3n","item":"https:\/\/www.aquahotel.pt\/es\/programacion\/"},{"@type":"ListItem","position":3,"name":"B\u00fasqueda de Azulejos"}]},{"@type":"WebSite","@id":"https:\/\/www.aquahotel.pt\/es\/#website","url":"https:\/\/www.aquahotel.pt\/es\/","name":"Aqua Hotel","description":"","potentialAction":[{"@type":"SearchAction","target":{"@type":"EntryPoint","urlTemplate":"https:\/\/www.aquahotel.pt\/es\/?s={search_term_string}"},"query-input":"required name=search_term_string"}],"inLanguage":"es"}]}},"acf":[],"_links":{"self":[{"href":"https:\/\/www.aquahotel.pt\/es\/wp-json\/wp\/v2\/pages\/419"}],"collection":[{"href":"https:\/\/www.aquahotel.pt\/es\/wp-json\/wp\/v2\/pages"}],"about":[{"href":"https:\/\/www.aquahotel.pt\/es\/wp-json\/wp\/v2\/types\/page"}],"author":[{"embeddable":true,"href":"https:\/\/www.aquahotel.pt\/es\/wp-json\/wp\/v2\/users\/199"}],"replies":[{"embeddable":true,"href":"https:\/\/www.aquahotel.pt\/es\/wp-json\/wp\/v2\/comments?post=419"}],"version-history":[{"count":0,"href":"https:\/\/www.aquahotel.pt\/es\/wp-json\/wp\/v2\/pages\/419\/revisions"}],"up":[{"embeddable":true,"href":"https:\/\/www.aquahotel.pt\/es\/wp-json\/wp\/v2\/pages\/421"}],"wp:attachment":[{"href":"https:\/\/www.aquahotel.pt\/es\/wp-json\/wp\/v2\/media?parent=419"}],"curies":[{"name":"wp","href":"https:\/\/api.w.org\/{rel}","templated":true}]}}