{"id":427,"date":"2025-08-11T10:08:48","date_gmt":"2025-08-11T10:08:48","guid":{"rendered":"https:\/\/www.aquahotel.pt\/?page_id=427"},"modified":"2025-08-12T16:47:43","modified_gmt":"2025-08-12T16:47:43","slug":"taller-del-pao-de-lo","status":"publish","type":"page","link":"https:\/\/www.aquahotel.pt\/es\/programacion\/taller-del-pao-de-lo\/","title":{"rendered":"TALLER DEL P\u00c3O DE L\u00d3"},"content":{"rendered":"<p><strong>TALLER DEL P\u00c3O DE L\u00d3<\/strong><\/p>\n<p>El P\u00e3o-de-L\u00f3 de Ovar es el dulce regional m\u00e1s famoso de Ovar, elaborado con yemas de huevo, az\u00facar y un poco de harina de trigo.<\/p>\n<p>Se presenta en forma de hogaza de pan cubierta con una deliciosa corteza de color marr\u00f3n. Este postre es extraordinariamente esponjoso, con un delicioso aroma que impregna el paladar al instante. Se presenta envuelto en papel de lino blanco, a veces ligeramente crujiente por la temperatura del horno.<\/p>\n<p><strong>Objetivo:<\/strong><\/p>\n<p>Introducir a los participantes en un viaje sensorial a trav\u00e9s del proceso de elaboraci\u00f3n artesanal del P\u00e3o-de-L\u00f3 de Ovar<\/p>\n<p><strong>A la llegada:<\/strong><\/p>\n<p>Breve introducci\u00f3n a la historia del P\u00e3o-de-L\u00f3 de Ovar, un dulce tradicional de Cuaresma y Semana Santa.<\/p>\n<p>Presentaci\u00f3n del proceso de elaboraci\u00f3n artesanal, as\u00ed como de todos los ingredientes esenciales para su preparaci\u00f3n.<\/p>\n<p><strong>Fase t\u00e9cnica y de elaboraci\u00f3n:<\/strong><\/p>\n<p>Demostraci\u00f3n pr\u00e1ctica de la receta del bizcocho mediante el proceso artesanal, en la que se invita a los participantes a participar.<\/p>\n<p><strong>Antes de la salida:<\/strong><\/p>\n<p>Degustaci\u00f3n del bizcocho elaborado por los participantes, as\u00ed como presentaci\u00f3n de otros dulces locales.<\/p>\n<p>&nbsp;<\/p>\n<p>M\u00ednimo: 4 personas<\/p>\n<p>Duraci\u00f3n: 45 minutos (aproximadamente)<\/p>\n<p>Instructora: Gaby (de \u00abGaby, a minha Casa\u00bb)<\/p>\n<p>Precio por persona: 10,00 \u20ac<\/p>\n","protected":false},"excerpt":{"rendered":"<p>TALLER DEL P\u00c3O DE L\u00d3 El P\u00e3o-de-L\u00f3 de Ovar es el dulce regional m\u00e1s famoso de Ovar, elaborado con yemas de huevo, az\u00facar y un poco de harina de trigo. Se presenta en forma de hogaza de pan cubierta con una deliciosa corteza de color marr\u00f3n. Este postre es extraordinariamente esponjoso, con un delicioso aroma [&hellip;]<\/p>\n","protected":false},"author":199,"featured_media":0,"parent":421,"menu_order":83,"comment_status":"closed","ping_status":"closed","template":"template-events.php","meta":{"footnotes":""},"class_list":["post-427","page","type-page","status-publish","hentry"],"yoast_head":"<!-- This site is optimized with the Yoast SEO plugin v27.3 - https:\/\/yoast.com\/product\/yoast-seo-wordpress\/ -->\n<title>TALLER DEL P\u00c3O DE L\u00d3 - Aqua Hotel -<\/title>\n<meta name=\"description\" content=\"TALLER DEL P\u00c3O DE L\u00d3  El P\u00e3o-de-L\u00f3 de Ovar es el dulce regional m\u00e1s famoso de Ovar, elaborado con yemas de huevo, az\u00facar y un poco de harina de trigo.  Se presenta en forma de hogaza de pan cubierta con una deliciosa corteza de color marr\u00f3n. Este postre es extraordinariamente esponjoso, con un delicioso aroma que impregna el paladar al instante\" \/>\n<meta name=\"robots\" content=\"index, follow, max-snippet:-1, max-image-preview:large, max-video-preview:-1\" \/>\n<link rel=\"canonical\" href=\"https:\/\/www.aquahotel.pt\/es\/programacion\/taller-del-pao-de-lo\/\" \/>\n<meta property=\"og:locale\" content=\"es_ES\" \/>\n<meta property=\"og:type\" content=\"article\" \/>\n<meta property=\"og:title\" content=\"TALLER DEL P\u00c3O DE L\u00d3 - Aqua Hotel -\" \/>\n<meta property=\"og:description\" content=\"TALLER DEL P\u00c3O DE L\u00d3  El P\u00e3o-de-L\u00f3 de Ovar es el dulce regional m\u00e1s famoso de Ovar, elaborado con yemas de huevo, az\u00facar y un poco de harina de trigo.  Se presenta en forma de hogaza de pan cubierta con una deliciosa corteza de color marr\u00f3n. Este postre es extraordinariamente esponjoso, con un delicioso aroma que impregna el paladar al instante\" \/>\n<meta property=\"og:url\" content=\"https:\/\/www.aquahotel.pt\/es\/programacion\/taller-del-pao-de-lo\/\" \/>\n<meta property=\"og:site_name\" content=\"Aqua Hotel\" \/>\n<meta property=\"article:modified_time\" content=\"2025-08-12T16:47:43+00:00\" \/>\n<meta property=\"og:image\" content=\"https:\/\/www.aquahotel.pt\/wp-content\/uploads\/sites\/79\/2023\/11\/Aqua_hotel_home_slide01-1.jpg\" \/>\n\t<meta property=\"og:image:width\" content=\"2200\" \/>\n\t<meta property=\"og:image:height\" content=\"1200\" \/>\n\t<meta property=\"og:image:type\" content=\"image\/jpeg\" \/>\n<meta name=\"twitter:card\" content=\"summary_large_image\" \/>\n<meta name=\"twitter:label1\" content=\"Tiempo de lectura\" \/>\n\t<meta name=\"twitter:data1\" content=\"2 minutos\" \/>\n<script type=\"application\/ld+json\" class=\"yoast-schema-graph\">{\"@context\":\"https:\\\/\\\/schema.org\",\"@graph\":[{\"@type\":\"WebPage\",\"@id\":\"https:\\\/\\\/www.aquahotel.pt\\\/es\\\/programacion\\\/taller-del-pao-de-lo\\\/\",\"url\":\"https:\\\/\\\/www.aquahotel.pt\\\/es\\\/programacion\\\/taller-del-pao-de-lo\\\/\",\"name\":\"TALLER DEL P\u00c3O DE L\u00d3 - Aqua Hotel -\",\"isPartOf\":{\"@id\":\"https:\\\/\\\/www.aquahotel.pt\\\/es\\\/#website\"},\"datePublished\":\"2025-08-11T10:08:48+00:00\",\"dateModified\":\"2025-08-12T16:47:43+00:00\",\"description\":\"TALLER DEL P\u00c3O DE L\u00d3 El P\u00e3o-de-L\u00f3 de Ovar es el dulce regional m\u00e1s famoso de Ovar, elaborado con yemas de huevo, az\u00facar y un poco de harina de trigo. Se presenta en forma de hogaza de pan cubierta con una deliciosa corteza de color marr\u00f3n. Este postre es extraordinariamente esponjoso, con un delicioso aroma que impregna el paladar al instante\",\"breadcrumb\":{\"@id\":\"https:\\\/\\\/www.aquahotel.pt\\\/es\\\/programacion\\\/taller-del-pao-de-lo\\\/#breadcrumb\"},\"inLanguage\":\"es\",\"potentialAction\":[{\"@type\":\"ReadAction\",\"target\":[\"https:\\\/\\\/www.aquahotel.pt\\\/es\\\/programacion\\\/taller-del-pao-de-lo\\\/\"]}]},{\"@type\":\"BreadcrumbList\",\"@id\":\"https:\\\/\\\/www.aquahotel.pt\\\/es\\\/programacion\\\/taller-del-pao-de-lo\\\/#breadcrumb\",\"itemListElement\":[{\"@type\":\"ListItem\",\"position\":1,\"name\":\"Home\",\"item\":\"https:\\\/\\\/www.aquahotel.pt\\\/es\\\/\"},{\"@type\":\"ListItem\",\"position\":2,\"name\":\"Programaci\u00f3n\",\"item\":\"https:\\\/\\\/www.aquahotel.pt\\\/es\\\/programacion\\\/\"},{\"@type\":\"ListItem\",\"position\":3,\"name\":\"TALLER DEL P\u00c3O DE L\u00d3\"}]},{\"@type\":\"WebSite\",\"@id\":\"https:\\\/\\\/www.aquahotel.pt\\\/es\\\/#website\",\"url\":\"https:\\\/\\\/www.aquahotel.pt\\\/es\\\/\",\"name\":\"Aqua Hotel\",\"description\":\"\",\"potentialAction\":[{\"@type\":\"SearchAction\",\"target\":{\"@type\":\"EntryPoint\",\"urlTemplate\":\"https:\\\/\\\/www.aquahotel.pt\\\/es\\\/?s={search_term_string}\"},\"query-input\":{\"@type\":\"PropertyValueSpecification\",\"valueRequired\":true,\"valueName\":\"search_term_string\"}}],\"inLanguage\":\"es\"}]}<\/script>\n<!-- \/ Yoast SEO plugin. -->","yoast_head_json":{"title":"TALLER DEL P\u00c3O DE L\u00d3 - Aqua Hotel -","description":"TALLER DEL P\u00c3O DE L\u00d3  El P\u00e3o-de-L\u00f3 de Ovar es el dulce regional m\u00e1s famoso de Ovar, elaborado con yemas de huevo, az\u00facar y un poco de harina de trigo.  Se presenta en forma de hogaza de pan cubierta con una deliciosa corteza de color marr\u00f3n. Este postre es extraordinariamente esponjoso, con un delicioso aroma que impregna el paladar al instante","robots":{"index":"index","follow":"follow","max-snippet":"max-snippet:-1","max-image-preview":"max-image-preview:large","max-video-preview":"max-video-preview:-1"},"canonical":"https:\/\/www.aquahotel.pt\/es\/programacion\/taller-del-pao-de-lo\/","og_locale":"es_ES","og_type":"article","og_title":"TALLER DEL P\u00c3O DE L\u00d3 - Aqua Hotel -","og_description":"TALLER DEL P\u00c3O DE L\u00d3  El P\u00e3o-de-L\u00f3 de Ovar es el dulce regional m\u00e1s famoso de Ovar, elaborado con yemas de huevo, az\u00facar y un poco de harina de trigo.  Se presenta en forma de hogaza de pan cubierta con una deliciosa corteza de color marr\u00f3n. Este postre es extraordinariamente esponjoso, con un delicioso aroma que impregna el paladar al instante","og_url":"https:\/\/www.aquahotel.pt\/es\/programacion\/taller-del-pao-de-lo\/","og_site_name":"Aqua Hotel","article_modified_time":"2025-08-12T16:47:43+00:00","og_image":[{"width":2200,"height":1200,"url":"https:\/\/www.aquahotel.pt\/wp-content\/uploads\/sites\/79\/2023\/11\/Aqua_hotel_home_slide01-1.jpg","type":"image\/jpeg"}],"twitter_card":"summary_large_image","twitter_misc":{"Tiempo de lectura":"2 minutos"},"schema":{"@context":"https:\/\/schema.org","@graph":[{"@type":"WebPage","@id":"https:\/\/www.aquahotel.pt\/es\/programacion\/taller-del-pao-de-lo\/","url":"https:\/\/www.aquahotel.pt\/es\/programacion\/taller-del-pao-de-lo\/","name":"TALLER DEL P\u00c3O DE L\u00d3 - Aqua Hotel -","isPartOf":{"@id":"https:\/\/www.aquahotel.pt\/es\/#website"},"datePublished":"2025-08-11T10:08:48+00:00","dateModified":"2025-08-12T16:47:43+00:00","description":"TALLER DEL P\u00c3O DE L\u00d3 El P\u00e3o-de-L\u00f3 de Ovar es el dulce regional m\u00e1s famoso de Ovar, elaborado con yemas de huevo, az\u00facar y un poco de harina de trigo. Se presenta en forma de hogaza de pan cubierta con una deliciosa corteza de color marr\u00f3n. Este postre es extraordinariamente esponjoso, con un delicioso aroma que impregna el paladar al instante","breadcrumb":{"@id":"https:\/\/www.aquahotel.pt\/es\/programacion\/taller-del-pao-de-lo\/#breadcrumb"},"inLanguage":"es","potentialAction":[{"@type":"ReadAction","target":["https:\/\/www.aquahotel.pt\/es\/programacion\/taller-del-pao-de-lo\/"]}]},{"@type":"BreadcrumbList","@id":"https:\/\/www.aquahotel.pt\/es\/programacion\/taller-del-pao-de-lo\/#breadcrumb","itemListElement":[{"@type":"ListItem","position":1,"name":"Home","item":"https:\/\/www.aquahotel.pt\/es\/"},{"@type":"ListItem","position":2,"name":"Programaci\u00f3n","item":"https:\/\/www.aquahotel.pt\/es\/programacion\/"},{"@type":"ListItem","position":3,"name":"TALLER DEL P\u00c3O DE L\u00d3"}]},{"@type":"WebSite","@id":"https:\/\/www.aquahotel.pt\/es\/#website","url":"https:\/\/www.aquahotel.pt\/es\/","name":"Aqua Hotel","description":"","potentialAction":[{"@type":"SearchAction","target":{"@type":"EntryPoint","urlTemplate":"https:\/\/www.aquahotel.pt\/es\/?s={search_term_string}"},"query-input":{"@type":"PropertyValueSpecification","valueRequired":true,"valueName":"search_term_string"}}],"inLanguage":"es"}]}},"acf":[],"_links":{"self":[{"href":"https:\/\/www.aquahotel.pt\/es\/wp-json\/wp\/v2\/pages\/427","targetHints":{"allow":["GET"]}}],"collection":[{"href":"https:\/\/www.aquahotel.pt\/es\/wp-json\/wp\/v2\/pages"}],"about":[{"href":"https:\/\/www.aquahotel.pt\/es\/wp-json\/wp\/v2\/types\/page"}],"author":[{"embeddable":true,"href":"https:\/\/www.aquahotel.pt\/es\/wp-json\/wp\/v2\/users\/199"}],"replies":[{"embeddable":true,"href":"https:\/\/www.aquahotel.pt\/es\/wp-json\/wp\/v2\/comments?post=427"}],"version-history":[{"count":0,"href":"https:\/\/www.aquahotel.pt\/es\/wp-json\/wp\/v2\/pages\/427\/revisions"}],"up":[{"embeddable":true,"href":"https:\/\/www.aquahotel.pt\/es\/wp-json\/wp\/v2\/pages\/421"}],"wp:attachment":[{"href":"https:\/\/www.aquahotel.pt\/es\/wp-json\/wp\/v2\/media?parent=427"}],"curies":[{"name":"wp","href":"https:\/\/api.w.org\/{rel}","templated":true}]}}