{"id":442,"date":"2025-08-11T10:05:33","date_gmt":"2025-08-11T10:05:33","guid":{"rendered":"https:\/\/www.aquahotel.pt\/?page_id=442"},"modified":"2025-08-13T09:51:06","modified_gmt":"2025-08-13T09:51:06","slug":"siente-la-naturaleza","status":"publish","type":"page","link":"https:\/\/www.aquahotel.pt\/es\/programacion\/siente-la-naturaleza\/","title":{"rendered":"Siente la Naturaleza"},"content":{"rendered":"<p>Planifique un paseo en bicicleta por el municipio, elija el lugar ideal y reserve su cesta de picnic con nosotros. En nuestra recepci\u00f3n, descubra qu\u00e9 parques de Ovar deber\u00eda visitar, sin olvidar las playas y la R\u00eda de Aveiro.<\/p>\n<p>Reserve en recepci\u00f3n antes de las 21:00h del d\u00eda anterior.<\/p>\n<p><strong>La cesta de picnic:<\/strong><\/p>\n<p>&#8211; Agua<\/p>\n<p>&#8211; Zumo<\/p>\n<p>&#8211; Pan<\/p>\n<p>&#8211; Quesos variados<\/p>\n<p>&#8211; Mini quiche<\/p>\n<p>&#8211; Mini pizza<\/p>\n<p>&#8211; Magdalenas<\/p>\n<p>&#8211; Fruta<\/p>\n<p><strong>Precio: 50\u20ac<\/strong><\/p>\n","protected":false},"excerpt":{"rendered":"<p>Planifique un paseo en bicicleta por el municipio, elija el lugar ideal y reserve su cesta de picnic con nosotros. En nuestra recepci\u00f3n, descubra qu\u00e9 parques de Ovar deber\u00eda visitar, sin olvidar las playas y la R\u00eda de Aveiro. Reserve en recepci\u00f3n antes de las 21:00h del d\u00eda anterior. La cesta de picnic: &#8211; Agua [&hellip;]<\/p>\n","protected":false},"author":99,"featured_media":0,"parent":421,"menu_order":82,"comment_status":"closed","ping_status":"closed","template":"template-events.php","meta":{"footnotes":""},"class_list":["post-442","page","type-page","status-publish","hentry"],"yoast_head":"<!-- This site is optimized with the Yoast SEO plugin v27.3 - https:\/\/yoast.com\/product\/yoast-seo-wordpress\/ -->\n<title>Siente la Naturaleza - Aqua Hotel -<\/title>\n<meta name=\"description\" content=\"Planifique un paseo en bicicleta por el municipio, elija el lugar ideal y reserve su cesta de picnic con nosotros. En nuestra recepci\u00f3n, descubra qu\u00e9 parques de Ovar deber\u00eda visitar, sin olvidar las playas y la R\u00eda de Aveiro.  Reserve en recepci\u00f3n antes de las 21:00h del d\u00eda anterior.  La cesta de picnic:  - Agua  - Zumo  - Pan  - Quesos variados  - Mini quiche  - Mini pizza  - Magdalenas  - Fruta  Precio: 50\u20ac\" \/>\n<meta name=\"robots\" content=\"index, follow, max-snippet:-1, max-image-preview:large, max-video-preview:-1\" \/>\n<link rel=\"canonical\" href=\"https:\/\/www.aquahotel.pt\/es\/programacion\/siente-la-naturaleza\/\" \/>\n<meta property=\"og:locale\" content=\"es_ES\" \/>\n<meta property=\"og:type\" content=\"article\" \/>\n<meta property=\"og:title\" content=\"Siente la Naturaleza - Aqua Hotel -\" \/>\n<meta property=\"og:description\" content=\"Planifique un paseo en bicicleta por el municipio, elija el lugar ideal y reserve su cesta de picnic con nosotros. En nuestra recepci\u00f3n, descubra qu\u00e9 parques de Ovar deber\u00eda visitar, sin olvidar las playas y la R\u00eda de Aveiro.  Reserve en recepci\u00f3n antes de las 21:00h del d\u00eda anterior.  La cesta de picnic:  - Agua  - Zumo  - Pan  - Quesos variados  - Mini quiche  - Mini pizza  - Magdalenas  - Fruta  Precio: 50\u20ac\" \/>\n<meta property=\"og:url\" content=\"https:\/\/www.aquahotel.pt\/es\/programacion\/siente-la-naturaleza\/\" \/>\n<meta property=\"og:site_name\" content=\"Aqua Hotel\" \/>\n<meta property=\"article:modified_time\" content=\"2025-08-13T09:51:06+00:00\" \/>\n<meta property=\"og:image\" content=\"https:\/\/www.aquahotel.pt\/wp-content\/uploads\/sites\/79\/2023\/11\/Aqua_hotel_home_slide01-1.jpg\" \/>\n\t<meta property=\"og:image:width\" content=\"2200\" \/>\n\t<meta property=\"og:image:height\" content=\"1200\" \/>\n\t<meta property=\"og:image:type\" content=\"image\/jpeg\" \/>\n<meta name=\"twitter:card\" content=\"summary_large_image\" \/>\n<meta name=\"twitter:label1\" content=\"Tiempo de lectura\" \/>\n\t<meta name=\"twitter:data1\" content=\"1 minuto\" \/>\n<script type=\"application\/ld+json\" class=\"yoast-schema-graph\">{\"@context\":\"https:\\\/\\\/schema.org\",\"@graph\":[{\"@type\":\"WebPage\",\"@id\":\"https:\\\/\\\/www.aquahotel.pt\\\/es\\\/programacion\\\/siente-la-naturaleza\\\/\",\"url\":\"https:\\\/\\\/www.aquahotel.pt\\\/es\\\/programacion\\\/siente-la-naturaleza\\\/\",\"name\":\"Siente la Naturaleza - Aqua Hotel -\",\"isPartOf\":{\"@id\":\"https:\\\/\\\/www.aquahotel.pt\\\/es\\\/#website\"},\"datePublished\":\"2025-08-11T10:05:33+00:00\",\"dateModified\":\"2025-08-13T09:51:06+00:00\",\"description\":\"Planifique un paseo en bicicleta por el municipio, elija el lugar ideal y reserve su cesta de picnic con nosotros. En nuestra recepci\u00f3n, descubra qu\u00e9 parques de Ovar deber\u00eda visitar, sin olvidar las playas y la R\u00eda de Aveiro. Reserve en recepci\u00f3n antes de las 21:00h del d\u00eda anterior. La cesta de picnic: - Agua - Zumo - Pan - Quesos variados - Mini quiche - Mini pizza - Magdalenas - Fruta Precio: 50\u20ac\",\"breadcrumb\":{\"@id\":\"https:\\\/\\\/www.aquahotel.pt\\\/es\\\/programacion\\\/siente-la-naturaleza\\\/#breadcrumb\"},\"inLanguage\":\"es\",\"potentialAction\":[{\"@type\":\"ReadAction\",\"target\":[\"https:\\\/\\\/www.aquahotel.pt\\\/es\\\/programacion\\\/siente-la-naturaleza\\\/\"]}]},{\"@type\":\"BreadcrumbList\",\"@id\":\"https:\\\/\\\/www.aquahotel.pt\\\/es\\\/programacion\\\/siente-la-naturaleza\\\/#breadcrumb\",\"itemListElement\":[{\"@type\":\"ListItem\",\"position\":1,\"name\":\"Home\",\"item\":\"https:\\\/\\\/www.aquahotel.pt\\\/es\\\/\"},{\"@type\":\"ListItem\",\"position\":2,\"name\":\"Programaci\u00f3n\",\"item\":\"https:\\\/\\\/www.aquahotel.pt\\\/es\\\/programacion\\\/\"},{\"@type\":\"ListItem\",\"position\":3,\"name\":\"Siente la Naturaleza\"}]},{\"@type\":\"WebSite\",\"@id\":\"https:\\\/\\\/www.aquahotel.pt\\\/es\\\/#website\",\"url\":\"https:\\\/\\\/www.aquahotel.pt\\\/es\\\/\",\"name\":\"Aqua Hotel\",\"description\":\"\",\"potentialAction\":[{\"@type\":\"SearchAction\",\"target\":{\"@type\":\"EntryPoint\",\"urlTemplate\":\"https:\\\/\\\/www.aquahotel.pt\\\/es\\\/?s={search_term_string}\"},\"query-input\":{\"@type\":\"PropertyValueSpecification\",\"valueRequired\":true,\"valueName\":\"search_term_string\"}}],\"inLanguage\":\"es\"}]}<\/script>\n<!-- \/ Yoast SEO plugin. -->","yoast_head_json":{"title":"Siente la Naturaleza - Aqua Hotel -","description":"Planifique un paseo en bicicleta por el municipio, elija el lugar ideal y reserve su cesta de picnic con nosotros. En nuestra recepci\u00f3n, descubra qu\u00e9 parques de Ovar deber\u00eda visitar, sin olvidar las playas y la R\u00eda de Aveiro.  Reserve en recepci\u00f3n antes de las 21:00h del d\u00eda anterior.  La cesta de picnic:  - Agua  - Zumo  - Pan  - Quesos variados  - Mini quiche  - Mini pizza  - Magdalenas  - Fruta  Precio: 50\u20ac","robots":{"index":"index","follow":"follow","max-snippet":"max-snippet:-1","max-image-preview":"max-image-preview:large","max-video-preview":"max-video-preview:-1"},"canonical":"https:\/\/www.aquahotel.pt\/es\/programacion\/siente-la-naturaleza\/","og_locale":"es_ES","og_type":"article","og_title":"Siente la Naturaleza - Aqua Hotel -","og_description":"Planifique un paseo en bicicleta por el municipio, elija el lugar ideal y reserve su cesta de picnic con nosotros. En nuestra recepci\u00f3n, descubra qu\u00e9 parques de Ovar deber\u00eda visitar, sin olvidar las playas y la R\u00eda de Aveiro.  Reserve en recepci\u00f3n antes de las 21:00h del d\u00eda anterior.  La cesta de picnic:  - Agua  - Zumo  - Pan  - Quesos variados  - Mini quiche  - Mini pizza  - Magdalenas  - Fruta  Precio: 50\u20ac","og_url":"https:\/\/www.aquahotel.pt\/es\/programacion\/siente-la-naturaleza\/","og_site_name":"Aqua Hotel","article_modified_time":"2025-08-13T09:51:06+00:00","og_image":[{"width":2200,"height":1200,"url":"https:\/\/www.aquahotel.pt\/wp-content\/uploads\/sites\/79\/2023\/11\/Aqua_hotel_home_slide01-1.jpg","type":"image\/jpeg"}],"twitter_card":"summary_large_image","twitter_misc":{"Tiempo de lectura":"1 minuto"},"schema":{"@context":"https:\/\/schema.org","@graph":[{"@type":"WebPage","@id":"https:\/\/www.aquahotel.pt\/es\/programacion\/siente-la-naturaleza\/","url":"https:\/\/www.aquahotel.pt\/es\/programacion\/siente-la-naturaleza\/","name":"Siente la Naturaleza - Aqua Hotel -","isPartOf":{"@id":"https:\/\/www.aquahotel.pt\/es\/#website"},"datePublished":"2025-08-11T10:05:33+00:00","dateModified":"2025-08-13T09:51:06+00:00","description":"Planifique un paseo en bicicleta por el municipio, elija el lugar ideal y reserve su cesta de picnic con nosotros. En nuestra recepci\u00f3n, descubra qu\u00e9 parques de Ovar deber\u00eda visitar, sin olvidar las playas y la R\u00eda de Aveiro. Reserve en recepci\u00f3n antes de las 21:00h del d\u00eda anterior. La cesta de picnic: - Agua - Zumo - Pan - Quesos variados - Mini quiche - Mini pizza - Magdalenas - Fruta Precio: 50\u20ac","breadcrumb":{"@id":"https:\/\/www.aquahotel.pt\/es\/programacion\/siente-la-naturaleza\/#breadcrumb"},"inLanguage":"es","potentialAction":[{"@type":"ReadAction","target":["https:\/\/www.aquahotel.pt\/es\/programacion\/siente-la-naturaleza\/"]}]},{"@type":"BreadcrumbList","@id":"https:\/\/www.aquahotel.pt\/es\/programacion\/siente-la-naturaleza\/#breadcrumb","itemListElement":[{"@type":"ListItem","position":1,"name":"Home","item":"https:\/\/www.aquahotel.pt\/es\/"},{"@type":"ListItem","position":2,"name":"Programaci\u00f3n","item":"https:\/\/www.aquahotel.pt\/es\/programacion\/"},{"@type":"ListItem","position":3,"name":"Siente la Naturaleza"}]},{"@type":"WebSite","@id":"https:\/\/www.aquahotel.pt\/es\/#website","url":"https:\/\/www.aquahotel.pt\/es\/","name":"Aqua Hotel","description":"","potentialAction":[{"@type":"SearchAction","target":{"@type":"EntryPoint","urlTemplate":"https:\/\/www.aquahotel.pt\/es\/?s={search_term_string}"},"query-input":{"@type":"PropertyValueSpecification","valueRequired":true,"valueName":"search_term_string"}}],"inLanguage":"es"}]}},"acf":[],"_links":{"self":[{"href":"https:\/\/www.aquahotel.pt\/es\/wp-json\/wp\/v2\/pages\/442","targetHints":{"allow":["GET"]}}],"collection":[{"href":"https:\/\/www.aquahotel.pt\/es\/wp-json\/wp\/v2\/pages"}],"about":[{"href":"https:\/\/www.aquahotel.pt\/es\/wp-json\/wp\/v2\/types\/page"}],"author":[{"embeddable":true,"href":"https:\/\/www.aquahotel.pt\/es\/wp-json\/wp\/v2\/users\/99"}],"replies":[{"embeddable":true,"href":"https:\/\/www.aquahotel.pt\/es\/wp-json\/wp\/v2\/comments?post=442"}],"version-history":[{"count":0,"href":"https:\/\/www.aquahotel.pt\/es\/wp-json\/wp\/v2\/pages\/442\/revisions"}],"up":[{"embeddable":true,"href":"https:\/\/www.aquahotel.pt\/es\/wp-json\/wp\/v2\/pages\/421"}],"wp:attachment":[{"href":"https:\/\/www.aquahotel.pt\/es\/wp-json\/wp\/v2\/media?parent=442"}],"curies":[{"name":"wp","href":"https:\/\/api.w.org\/{rel}","templated":true}]}}