{"id":9,"date":"2023-11-08T13:30:48","date_gmt":"2023-11-08T13:30:48","guid":{"rendered":"https:\/\/aqua-hotel.ms2.decms.eu\/?page_id=9"},"modified":"2023-12-18T13:33:04","modified_gmt":"2023-12-18T13:33:04","slug":"aqua-hotel","status":"publish","type":"page","link":"https:\/\/www.aquahotel.pt\/es\/","title":{"rendered":"Aqua Hotel"},"content":{"rendered":"<p style=\"text-align: center;\">El Aqua Hotel es el lugar ideal para disfrutar del norte y centro de Portugal<\/p>\n<p style=\"text-align: center;\">Nuestro hotel est\u00e1 situado en el centro de la ciudad de Ovar, a 10 minutos andando de la estaci\u00f3n de tren y a 5 km de la playa de Furadouro.<\/p>\n<p style=\"text-align: center;\">En Aqua Hotel ofrecemos una amplia gama de servicios y comodidades para que su estancia sea lo m\u00e1s c\u00f3moda y relajada posible. El hotel cuenta con un restaurante para reservas de grupos y eventos y tambi\u00e9n un bar, el lugar ideal para tomar una copa y disfrutar de un ambiente relajado.<\/p>\n<p style=\"text-align: center;\">Aproveche nuestro sal\u00f3n y espacio al aire libre, perfecto para relajarse y socializar.<\/p>\n<p style=\"text-align: center;\">Nuestro equipo se destaca por su atenci\u00f3n, profesionalidad y amabilidad. Estamos a su servicio!<\/p>\n","protected":false},"excerpt":{"rendered":"<p>El Aqua Hotel es el lugar ideal para disfrutar del norte y centro de Portugal Nuestro hotel est\u00e1 situado en el centro de la ciudad de Ovar, a 10 minutos andando de la estaci\u00f3n de tren y a 5 km de la playa de Furadouro. En Aqua Hotel ofrecemos una amplia gama de servicios y [&hellip;]<\/p>\n","protected":false},"author":13,"featured_media":0,"parent":0,"menu_order":0,"comment_status":"closed","ping_status":"closed","template":"","meta":{"footnotes":""},"yoast_head":"<!-- This site is optimized with the Yoast SEO plugin v22.3 - https:\/\/yoast.com\/wordpress\/plugins\/seo\/ -->\n<title>Aqua Hotel - Aqua Hotel -<\/title>\n<meta name=\"description\" content=\"El Aqua Hotel es el lugar ideal para disfrutar del norte y centro de Portugal Nuestro hotel est\u00e1 situado en el centro de la ciudad de Ovar, a 10 minutos andando de la estaci\u00f3n de tren y a 5 km de la playa de Furadouro. En Aqua Hotel ofrecemos una amplia gama de servicios y comodidades para que su estancia sea lo m\u00e1s c\u00f3moda y relajada posible. El hotel cuenta con un restaurante para reservas de grupos y eventos y tambi\u00e9n un bar, el lugar ideal para tomar una copa y disfrutar de un ambiente relajado. Aproveche nuestro sal\u00f3n y espacio al aire libre, perfecto para relajarse y socializar. Nuestro equipo se destaca por su atenci\u00f3n, profesionalidad y amabilidad\" \/>\n<meta name=\"robots\" content=\"index, follow, max-snippet:-1, max-image-preview:large, max-video-preview:-1\" \/>\n<link rel=\"canonical\" href=\"https:\/\/www.aquahotel.pt\/es\/\" \/>\n<meta property=\"og:locale\" content=\"es_ES\" \/>\n<meta property=\"og:type\" content=\"article\" \/>\n<meta property=\"og:title\" content=\"Aqua Hotel - Aqua Hotel -\" \/>\n<meta property=\"og:description\" content=\"El Aqua Hotel es el lugar ideal para disfrutar del norte y centro de Portugal Nuestro hotel est\u00e1 situado en el centro de la ciudad de Ovar, a 10 minutos andando de la estaci\u00f3n de tren y a 5 km de la playa de Furadouro. En Aqua Hotel ofrecemos una amplia gama de servicios y comodidades para que su estancia sea lo m\u00e1s c\u00f3moda y relajada posible. El hotel cuenta con un restaurante para reservas de grupos y eventos y tambi\u00e9n un bar, el lugar ideal para tomar una copa y disfrutar de un ambiente relajado. Aproveche nuestro sal\u00f3n y espacio al aire libre, perfecto para relajarse y socializar. Nuestro equipo se destaca por su atenci\u00f3n, profesionalidad y amabilidad\" \/>\n<meta property=\"og:url\" content=\"https:\/\/www.aquahotel.pt\/es\/\" \/>\n<meta property=\"og:site_name\" content=\"Aqua Hotel\" \/>\n<meta property=\"article:modified_time\" content=\"2023-12-18T13:33:04+00:00\" \/>\n<meta property=\"og:image\" content=\"https:\/\/www.aquahotel.pt\/wp-content\/uploads\/sites\/79\/2023\/11\/Aqua_hotel_home_slide01-1.jpg\" \/>\n\t<meta property=\"og:image:width\" content=\"2200\" \/>\n\t<meta property=\"og:image:height\" content=\"1200\" \/>\n\t<meta property=\"og:image:type\" content=\"image\/jpeg\" \/>\n<meta name=\"twitter:card\" content=\"summary_large_image\" \/>\n<meta name=\"twitter:label1\" content=\"Tiempo de lectura\" \/>\n\t<meta name=\"twitter:data1\" content=\"1 minuto\" \/>\n<script type=\"application\/ld+json\" class=\"yoast-schema-graph\">{\"@context\":\"https:\/\/schema.org\",\"@graph\":[{\"@type\":\"WebPage\",\"@id\":\"https:\/\/www.aquahotel.pt\/es\/\",\"url\":\"https:\/\/www.aquahotel.pt\/es\/\",\"name\":\"Aqua Hotel - Aqua Hotel -\",\"isPartOf\":{\"@id\":\"https:\/\/www.aquahotel.pt\/es\/#website\"},\"datePublished\":\"2023-11-08T13:30:48+00:00\",\"dateModified\":\"2023-12-18T13:33:04+00:00\",\"description\":\"El Aqua Hotel es el lugar ideal para disfrutar del norte y centro de Portugal Nuestro hotel est\u00e1 situado en el centro de la ciudad de Ovar, a 10 minutos andando de la estaci\u00f3n de tren y a 5 km de la playa de Furadouro. En Aqua Hotel ofrecemos una amplia gama de servicios y comodidades para que su estancia sea lo m\u00e1s c\u00f3moda y relajada posible. El hotel cuenta con un restaurante para reservas de grupos y eventos y tambi\u00e9n un bar, el lugar ideal para tomar una copa y disfrutar de un ambiente relajado. Aproveche nuestro sal\u00f3n y espacio al aire libre, perfecto para relajarse y socializar. Nuestro equipo se destaca por su atenci\u00f3n, profesionalidad y amabilidad\",\"breadcrumb\":{\"@id\":\"https:\/\/www.aquahotel.pt\/es\/#breadcrumb\"},\"inLanguage\":\"es\",\"potentialAction\":[{\"@type\":\"ReadAction\",\"target\":[\"https:\/\/www.aquahotel.pt\/es\/\"]}]},{\"@type\":\"BreadcrumbList\",\"@id\":\"https:\/\/www.aquahotel.pt\/es\/#breadcrumb\",\"itemListElement\":[{\"@type\":\"ListItem\",\"position\":1,\"name\":\"Home\",\"item\":\"https:\/\/www.aquahotel.pt\/es\/\"},{\"@type\":\"ListItem\",\"position\":2,\"name\":\"Aqua Hotel\"}]},{\"@type\":\"WebSite\",\"@id\":\"https:\/\/www.aquahotel.pt\/es\/#website\",\"url\":\"https:\/\/www.aquahotel.pt\/es\/\",\"name\":\"Aqua Hotel\",\"description\":\"\",\"potentialAction\":[{\"@type\":\"SearchAction\",\"target\":{\"@type\":\"EntryPoint\",\"urlTemplate\":\"https:\/\/www.aquahotel.pt\/es\/?s={search_term_string}\"},\"query-input\":\"required name=search_term_string\"}],\"inLanguage\":\"es\"}]}<\/script>\n<!-- \/ Yoast SEO plugin. -->","yoast_head_json":{"title":"Aqua Hotel - Aqua Hotel -","description":"El Aqua Hotel es el lugar ideal para disfrutar del norte y centro de Portugal Nuestro hotel est\u00e1 situado en el centro de la ciudad de Ovar, a 10 minutos andando de la estaci\u00f3n de tren y a 5 km de la playa de Furadouro. En Aqua Hotel ofrecemos una amplia gama de servicios y comodidades para que su estancia sea lo m\u00e1s c\u00f3moda y relajada posible. El hotel cuenta con un restaurante para reservas de grupos y eventos y tambi\u00e9n un bar, el lugar ideal para tomar una copa y disfrutar de un ambiente relajado. Aproveche nuestro sal\u00f3n y espacio al aire libre, perfecto para relajarse y socializar. Nuestro equipo se destaca por su atenci\u00f3n, profesionalidad y amabilidad","robots":{"index":"index","follow":"follow","max-snippet":"max-snippet:-1","max-image-preview":"max-image-preview:large","max-video-preview":"max-video-preview:-1"},"canonical":"https:\/\/www.aquahotel.pt\/es\/","og_locale":"es_ES","og_type":"article","og_title":"Aqua Hotel - Aqua Hotel -","og_description":"El Aqua Hotel es el lugar ideal para disfrutar del norte y centro de Portugal Nuestro hotel est\u00e1 situado en el centro de la ciudad de Ovar, a 10 minutos andando de la estaci\u00f3n de tren y a 5 km de la playa de Furadouro. En Aqua Hotel ofrecemos una amplia gama de servicios y comodidades para que su estancia sea lo m\u00e1s c\u00f3moda y relajada posible. El hotel cuenta con un restaurante para reservas de grupos y eventos y tambi\u00e9n un bar, el lugar ideal para tomar una copa y disfrutar de un ambiente relajado. Aproveche nuestro sal\u00f3n y espacio al aire libre, perfecto para relajarse y socializar. Nuestro equipo se destaca por su atenci\u00f3n, profesionalidad y amabilidad","og_url":"https:\/\/www.aquahotel.pt\/es\/","og_site_name":"Aqua Hotel","article_modified_time":"2023-12-18T13:33:04+00:00","og_image":[{"width":2200,"height":1200,"url":"https:\/\/www.aquahotel.pt\/wp-content\/uploads\/sites\/79\/2023\/11\/Aqua_hotel_home_slide01-1.jpg","type":"image\/jpeg"}],"twitter_card":"summary_large_image","twitter_misc":{"Tiempo de lectura":"1 minuto"},"schema":{"@context":"https:\/\/schema.org","@graph":[{"@type":"WebPage","@id":"https:\/\/www.aquahotel.pt\/es\/","url":"https:\/\/www.aquahotel.pt\/es\/","name":"Aqua Hotel - Aqua Hotel -","isPartOf":{"@id":"https:\/\/www.aquahotel.pt\/es\/#website"},"datePublished":"2023-11-08T13:30:48+00:00","dateModified":"2023-12-18T13:33:04+00:00","description":"El Aqua Hotel es el lugar ideal para disfrutar del norte y centro de Portugal Nuestro hotel est\u00e1 situado en el centro de la ciudad de Ovar, a 10 minutos andando de la estaci\u00f3n de tren y a 5 km de la playa de Furadouro. En Aqua Hotel ofrecemos una amplia gama de servicios y comodidades para que su estancia sea lo m\u00e1s c\u00f3moda y relajada posible. El hotel cuenta con un restaurante para reservas de grupos y eventos y tambi\u00e9n un bar, el lugar ideal para tomar una copa y disfrutar de un ambiente relajado. Aproveche nuestro sal\u00f3n y espacio al aire libre, perfecto para relajarse y socializar. Nuestro equipo se destaca por su atenci\u00f3n, profesionalidad y amabilidad","breadcrumb":{"@id":"https:\/\/www.aquahotel.pt\/es\/#breadcrumb"},"inLanguage":"es","potentialAction":[{"@type":"ReadAction","target":["https:\/\/www.aquahotel.pt\/es\/"]}]},{"@type":"BreadcrumbList","@id":"https:\/\/www.aquahotel.pt\/es\/#breadcrumb","itemListElement":[{"@type":"ListItem","position":1,"name":"Home","item":"https:\/\/www.aquahotel.pt\/es\/"},{"@type":"ListItem","position":2,"name":"Aqua Hotel"}]},{"@type":"WebSite","@id":"https:\/\/www.aquahotel.pt\/es\/#website","url":"https:\/\/www.aquahotel.pt\/es\/","name":"Aqua Hotel","description":"","potentialAction":[{"@type":"SearchAction","target":{"@type":"EntryPoint","urlTemplate":"https:\/\/www.aquahotel.pt\/es\/?s={search_term_string}"},"query-input":"required name=search_term_string"}],"inLanguage":"es"}]}},"acf":[],"_links":{"self":[{"href":"https:\/\/www.aquahotel.pt\/es\/wp-json\/wp\/v2\/pages\/9"}],"collection":[{"href":"https:\/\/www.aquahotel.pt\/es\/wp-json\/wp\/v2\/pages"}],"about":[{"href":"https:\/\/www.aquahotel.pt\/es\/wp-json\/wp\/v2\/types\/page"}],"author":[{"embeddable":true,"href":"https:\/\/www.aquahotel.pt\/es\/wp-json\/wp\/v2\/users\/13"}],"replies":[{"embeddable":true,"href":"https:\/\/www.aquahotel.pt\/es\/wp-json\/wp\/v2\/comments?post=9"}],"version-history":[{"count":0,"href":"https:\/\/www.aquahotel.pt\/es\/wp-json\/wp\/v2\/pages\/9\/revisions"}],"wp:attachment":[{"href":"https:\/\/www.aquahotel.pt\/es\/wp-json\/wp\/v2\/media?parent=9"}],"curies":[{"name":"wp","href":"https:\/\/api.w.org\/{rel}","templated":true}]}}