{"id":110,"date":"2023-11-13T09:54:38","date_gmt":"2023-11-13T09:54:38","guid":{"rendered":"https:\/\/aqua-hotel.ms2.decms.eu\/?page_id=110"},"modified":"2023-11-14T09:56:07","modified_gmt":"2023-11-14T09:56:07","slug":"chambres-et-suites","status":"publish","type":"page","link":"https:\/\/www.aquahotel.pt\/fr\/chambres-et-suites\/","title":{"rendered":"Chambres et Suites"},"content":{"rendered":"<p style=\"text-align: center;\">Les 53 chambres de l&rsquo;<strong>Aqua Hotel<\/strong>, enti\u00e8rement \u00e9quip\u00e9es, sont confortables et spacieuses, con\u00e7ues pour <strong>assurer le repos et le bien-\u00eatre dont vous avez besoin<\/strong> .Elles ont \u00e9galement tous les services n\u00e9cessaires pour rendre votre s\u00e9jour une exp\u00e9rience agr\u00e9able.<\/p>\n","protected":false},"excerpt":{"rendered":"<p>Les 53 chambres de l&rsquo;Aqua Hotel, enti\u00e8rement \u00e9quip\u00e9es, sont confortables et spacieuses, con\u00e7ues pour assurer le repos et le bien-\u00eatre dont vous avez besoin .Elles ont \u00e9galement tous les services n\u00e9cessaires pour rendre votre s\u00e9jour une exp\u00e9rience agr\u00e9able.<\/p>\n","protected":false},"author":13,"featured_media":0,"parent":0,"menu_order":5,"comment_status":"closed","ping_status":"closed","template":"template-rooms.php","meta":{"footnotes":""},"yoast_head":"<!-- This site is optimized with the Yoast SEO plugin v22.3 - https:\/\/yoast.com\/wordpress\/plugins\/seo\/ -->\n<title>Chambres et Suites - Aqua Hotel -<\/title>\n<meta name=\"description\" content=\"Les 53 chambres de l&#039;Aqua Hotel, enti\u00e8rement \u00e9quip\u00e9es, sont confortables et spacieuses, con\u00e7ues pour assurer le repos et le bien-\u00eatre dont vous avez besoin .Elles ont \u00e9galement tous les services n\u00e9cessaires pour rendre votre s\u00e9jour une exp\u00e9rience agr\u00e9able..\" \/>\n<meta name=\"robots\" content=\"index, follow, max-snippet:-1, max-image-preview:large, max-video-preview:-1\" \/>\n<link rel=\"canonical\" href=\"https:\/\/www.aquahotel.pt\/fr\/chambres-et-suites\/\" \/>\n<meta property=\"og:locale\" content=\"fr_FR\" \/>\n<meta property=\"og:type\" content=\"article\" \/>\n<meta property=\"og:title\" content=\"Chambres et Suites - Aqua Hotel -\" \/>\n<meta property=\"og:description\" content=\"Les 53 chambres de l&#039;Aqua Hotel, enti\u00e8rement \u00e9quip\u00e9es, sont confortables et spacieuses, con\u00e7ues pour assurer le repos et le bien-\u00eatre dont vous avez besoin .Elles ont \u00e9galement tous les services n\u00e9cessaires pour rendre votre s\u00e9jour une exp\u00e9rience agr\u00e9able..\" \/>\n<meta property=\"og:url\" content=\"https:\/\/www.aquahotel.pt\/fr\/chambres-et-suites\/\" \/>\n<meta property=\"og:site_name\" content=\"Aqua Hotel\" \/>\n<meta property=\"article:modified_time\" content=\"2023-11-14T09:56:07+00:00\" \/>\n<meta property=\"og:image\" content=\"https:\/\/www.aquahotel.pt\/wp-content\/uploads\/sites\/79\/2023\/11\/Aqua_hotel_home_slide01-1.jpg\" \/>\n\t<meta property=\"og:image:width\" content=\"2200\" \/>\n\t<meta property=\"og:image:height\" content=\"1200\" \/>\n\t<meta property=\"og:image:type\" content=\"image\/jpeg\" \/>\n<meta name=\"twitter:card\" content=\"summary_large_image\" \/>\n<script type=\"application\/ld+json\" class=\"yoast-schema-graph\">{\"@context\":\"https:\/\/schema.org\",\"@graph\":[{\"@type\":\"WebPage\",\"@id\":\"https:\/\/www.aquahotel.pt\/fr\/chambres-et-suites\/\",\"url\":\"https:\/\/www.aquahotel.pt\/fr\/chambres-et-suites\/\",\"name\":\"Chambres et Suites - Aqua Hotel -\",\"isPartOf\":{\"@id\":\"https:\/\/www.aquahotel.pt\/fr\/#website\"},\"datePublished\":\"2023-11-13T09:54:38+00:00\",\"dateModified\":\"2023-11-14T09:56:07+00:00\",\"description\":\"Les 53 chambres de l'Aqua Hotel, enti\u00e8rement \u00e9quip\u00e9es, sont confortables et spacieuses, con\u00e7ues pour assurer le repos et le bien-\u00eatre dont vous avez besoin .Elles ont \u00e9galement tous les services n\u00e9cessaires pour rendre votre s\u00e9jour une exp\u00e9rience agr\u00e9able. .\",\"breadcrumb\":{\"@id\":\"https:\/\/www.aquahotel.pt\/fr\/chambres-et-suites\/#breadcrumb\"},\"inLanguage\":\"fr-FR\",\"potentialAction\":[{\"@type\":\"ReadAction\",\"target\":[\"https:\/\/www.aquahotel.pt\/fr\/chambres-et-suites\/\"]}]},{\"@type\":\"BreadcrumbList\",\"@id\":\"https:\/\/www.aquahotel.pt\/fr\/chambres-et-suites\/#breadcrumb\",\"itemListElement\":[{\"@type\":\"ListItem\",\"position\":1,\"name\":\"Home\",\"item\":\"https:\/\/www.aquahotel.pt\/fr\/\"},{\"@type\":\"ListItem\",\"position\":2,\"name\":\"Chambres et Suites\"}]},{\"@type\":\"WebSite\",\"@id\":\"https:\/\/www.aquahotel.pt\/fr\/#website\",\"url\":\"https:\/\/www.aquahotel.pt\/fr\/\",\"name\":\"Aqua Hotel\",\"description\":\"\",\"potentialAction\":[{\"@type\":\"SearchAction\",\"target\":{\"@type\":\"EntryPoint\",\"urlTemplate\":\"https:\/\/www.aquahotel.pt\/fr\/?s={search_term_string}\"},\"query-input\":\"required name=search_term_string\"}],\"inLanguage\":\"fr-FR\"}]}<\/script>\n<!-- \/ Yoast SEO plugin. -->","yoast_head_json":{"title":"Chambres et Suites - Aqua Hotel -","description":"Les 53 chambres de l'Aqua Hotel, enti\u00e8rement \u00e9quip\u00e9es, sont confortables et spacieuses, con\u00e7ues pour assurer le repos et le bien-\u00eatre dont vous avez besoin .Elles ont \u00e9galement tous les services n\u00e9cessaires pour rendre votre s\u00e9jour une exp\u00e9rience agr\u00e9able..","robots":{"index":"index","follow":"follow","max-snippet":"max-snippet:-1","max-image-preview":"max-image-preview:large","max-video-preview":"max-video-preview:-1"},"canonical":"https:\/\/www.aquahotel.pt\/fr\/chambres-et-suites\/","og_locale":"fr_FR","og_type":"article","og_title":"Chambres et Suites - Aqua Hotel -","og_description":"Les 53 chambres de l'Aqua Hotel, enti\u00e8rement \u00e9quip\u00e9es, sont confortables et spacieuses, con\u00e7ues pour assurer le repos et le bien-\u00eatre dont vous avez besoin .Elles ont \u00e9galement tous les services n\u00e9cessaires pour rendre votre s\u00e9jour une exp\u00e9rience agr\u00e9able..","og_url":"https:\/\/www.aquahotel.pt\/fr\/chambres-et-suites\/","og_site_name":"Aqua Hotel","article_modified_time":"2023-11-14T09:56:07+00:00","og_image":[{"width":2200,"height":1200,"url":"https:\/\/www.aquahotel.pt\/wp-content\/uploads\/sites\/79\/2023\/11\/Aqua_hotel_home_slide01-1.jpg","type":"image\/jpeg"}],"twitter_card":"summary_large_image","schema":{"@context":"https:\/\/schema.org","@graph":[{"@type":"WebPage","@id":"https:\/\/www.aquahotel.pt\/fr\/chambres-et-suites\/","url":"https:\/\/www.aquahotel.pt\/fr\/chambres-et-suites\/","name":"Chambres et Suites - Aqua Hotel -","isPartOf":{"@id":"https:\/\/www.aquahotel.pt\/fr\/#website"},"datePublished":"2023-11-13T09:54:38+00:00","dateModified":"2023-11-14T09:56:07+00:00","description":"Les 53 chambres de l'Aqua Hotel, enti\u00e8rement \u00e9quip\u00e9es, sont confortables et spacieuses, con\u00e7ues pour assurer le repos et le bien-\u00eatre dont vous avez besoin .Elles ont \u00e9galement tous les services n\u00e9cessaires pour rendre votre s\u00e9jour une exp\u00e9rience agr\u00e9able. .","breadcrumb":{"@id":"https:\/\/www.aquahotel.pt\/fr\/chambres-et-suites\/#breadcrumb"},"inLanguage":"fr-FR","potentialAction":[{"@type":"ReadAction","target":["https:\/\/www.aquahotel.pt\/fr\/chambres-et-suites\/"]}]},{"@type":"BreadcrumbList","@id":"https:\/\/www.aquahotel.pt\/fr\/chambres-et-suites\/#breadcrumb","itemListElement":[{"@type":"ListItem","position":1,"name":"Home","item":"https:\/\/www.aquahotel.pt\/fr\/"},{"@type":"ListItem","position":2,"name":"Chambres et Suites"}]},{"@type":"WebSite","@id":"https:\/\/www.aquahotel.pt\/fr\/#website","url":"https:\/\/www.aquahotel.pt\/fr\/","name":"Aqua Hotel","description":"","potentialAction":[{"@type":"SearchAction","target":{"@type":"EntryPoint","urlTemplate":"https:\/\/www.aquahotel.pt\/fr\/?s={search_term_string}"},"query-input":"required name=search_term_string"}],"inLanguage":"fr-FR"}]}},"acf":[],"_links":{"self":[{"href":"https:\/\/www.aquahotel.pt\/fr\/wp-json\/wp\/v2\/pages\/110"}],"collection":[{"href":"https:\/\/www.aquahotel.pt\/fr\/wp-json\/wp\/v2\/pages"}],"about":[{"href":"https:\/\/www.aquahotel.pt\/fr\/wp-json\/wp\/v2\/types\/page"}],"author":[{"embeddable":true,"href":"https:\/\/www.aquahotel.pt\/fr\/wp-json\/wp\/v2\/users\/13"}],"replies":[{"embeddable":true,"href":"https:\/\/www.aquahotel.pt\/fr\/wp-json\/wp\/v2\/comments?post=110"}],"version-history":[{"count":0,"href":"https:\/\/www.aquahotel.pt\/fr\/wp-json\/wp\/v2\/pages\/110\/revisions"}],"wp:attachment":[{"href":"https:\/\/www.aquahotel.pt\/fr\/wp-json\/wp\/v2\/media?parent=110"}],"curies":[{"name":"wp","href":"https:\/\/api.w.org\/{rel}","templated":true}]}}