{"id":7,"date":"2023-11-08T13:30:48","date_gmt":"2023-11-08T13:30:48","guid":{"rendered":"https:\/\/aqua-hotel.ms2.decms.eu\/?page_id=7"},"modified":"2023-12-18T13:32:58","modified_gmt":"2023-12-18T13:32:58","slug":"aqua-hotel","status":"publish","type":"page","link":"https:\/\/www.aquahotel.pt\/fr\/","title":{"rendered":"Aqua Hotel"},"content":{"rendered":"<p style=\"text-align: center;\">L&rsquo;Aqua Hotel est l&rsquo;endroit id\u00e9al pour profiter du nord et du centre du Portugal.<\/p>\n<p style=\"text-align: center;\">Cet h\u00f4tel est situ\u00e9 dans le centre-ville d&rsquo;Ovar, \u00e0 10 minutes \u00e0 pied de la gare et \u00e0 5 km de la plage de Furadouro.<\/p>\n<p style=\"text-align: center;\">\u00c0 l&rsquo;Aqua Hotel, nous offrons une large gamme de services et d&rsquo;\u00e9quipements pour rendre votre s\u00e9jour aussi confortable et d\u00e9tendu que possible. L&rsquo;h\u00f4tel dispose d&rsquo;un restaurant pour les r\u00e9servations de groupe et d&rsquo;\u00e9v\u00e9nements et dispose \u00e9galement d&rsquo;un bar, l&rsquo;endroit id\u00e9al pour prendre un verre et profiter d&rsquo;une atmosph\u00e8re d\u00e9tendue.<\/p>\n<p style=\"text-align: center;\">Profitez de notre salon et de notre espace ext\u00e9rieur, parfaits pour vous d\u00e9tendre et socialiser.<\/p>\n<p style=\"text-align: center;\">Notre \u00e9quipe se d\u00e9marque par son attention, son professionnalisme et sa gentillesse. Nous sommes \u00e0 votre servisse!<\/p>\n","protected":false},"excerpt":{"rendered":"<p>L&rsquo;Aqua Hotel est l&rsquo;endroit id\u00e9al pour profiter du nord et du centre du Portugal. Cet h\u00f4tel est situ\u00e9 dans le centre-ville d&rsquo;Ovar, \u00e0 10 minutes \u00e0 pied de la gare et \u00e0 5 km de la plage de Furadouro. \u00c0 l&rsquo;Aqua Hotel, nous offrons une large gamme de services et d&rsquo;\u00e9quipements pour rendre votre s\u00e9jour [&hellip;]<\/p>\n","protected":false},"author":13,"featured_media":0,"parent":0,"menu_order":0,"comment_status":"closed","ping_status":"closed","template":"","meta":{"footnotes":""},"class_list":["post-7","page","type-page","status-publish","hentry"],"yoast_head":"<!-- This site is optimized with the Yoast SEO plugin v27.3 - https:\/\/yoast.com\/product\/yoast-seo-wordpress\/ -->\n<title>Aqua Hotel - Aqua Hotel -<\/title>\n<meta name=\"description\" content=\"L&#039;Aqua Hotel est l&#039;endroit id\u00e9al pour profiter du nord et du centre du Portugal. Cet h\u00f4tel est situ\u00e9 dans le centre-ville d&#039;Ovar, \u00e0 10 minutes \u00e0 pied de la gare et \u00e0 5 km de la plage de Furadouro. \u00c0 l&#039;Aqua Hotel, nous offrons une large gamme de services et d&#039;\u00e9quipements pour rendre votre s\u00e9jour aussi confortable et d\u00e9tendu que possible. L&#039;h\u00f4tel dispose d&#039;un restaurant pour les r\u00e9servations de groupe et d&#039;\u00e9v\u00e9nements et dispose \u00e9galement d&#039;un bar, l&#039;endroit id\u00e9al pour prendre un verre et profiter d&#039;une atmosph\u00e8re d\u00e9tendue. Profitez de notre salon et de notre espace ext\u00e9rieur, parfaits pour vous d\u00e9tendre et socialiser. Notre \u00e9quipe se d\u00e9marque par son attention, son professionnalisme et sa gentillesse\" \/>\n<meta name=\"robots\" content=\"index, follow, max-snippet:-1, max-image-preview:large, max-video-preview:-1\" \/>\n<link rel=\"canonical\" href=\"https:\/\/www.aquahotel.pt\/fr\/\" \/>\n<meta property=\"og:locale\" content=\"fr_FR\" \/>\n<meta property=\"og:type\" content=\"article\" \/>\n<meta property=\"og:title\" content=\"Aqua Hotel - Aqua Hotel -\" \/>\n<meta property=\"og:description\" content=\"L&#039;Aqua Hotel est l&#039;endroit id\u00e9al pour profiter du nord et du centre du Portugal. Cet h\u00f4tel est situ\u00e9 dans le centre-ville d&#039;Ovar, \u00e0 10 minutes \u00e0 pied de la gare et \u00e0 5 km de la plage de Furadouro. \u00c0 l&#039;Aqua Hotel, nous offrons une large gamme de services et d&#039;\u00e9quipements pour rendre votre s\u00e9jour aussi confortable et d\u00e9tendu que possible. L&#039;h\u00f4tel dispose d&#039;un restaurant pour les r\u00e9servations de groupe et d&#039;\u00e9v\u00e9nements et dispose \u00e9galement d&#039;un bar, l&#039;endroit id\u00e9al pour prendre un verre et profiter d&#039;une atmosph\u00e8re d\u00e9tendue. Profitez de notre salon et de notre espace ext\u00e9rieur, parfaits pour vous d\u00e9tendre et socialiser. Notre \u00e9quipe se d\u00e9marque par son attention, son professionnalisme et sa gentillesse\" \/>\n<meta property=\"og:url\" content=\"https:\/\/www.aquahotel.pt\/fr\/\" \/>\n<meta property=\"og:site_name\" content=\"Aqua Hotel\" \/>\n<meta property=\"article:modified_time\" content=\"2023-12-18T13:32:58+00:00\" \/>\n<meta property=\"og:image\" content=\"https:\/\/www.aquahotel.pt\/wp-content\/uploads\/sites\/79\/2023\/11\/Aqua_hotel_home_slide01-1.jpg\" \/>\n\t<meta property=\"og:image:width\" content=\"2200\" \/>\n\t<meta property=\"og:image:height\" content=\"1200\" \/>\n\t<meta property=\"og:image:type\" content=\"image\/jpeg\" \/>\n<meta name=\"twitter:card\" content=\"summary_large_image\" \/>\n<meta name=\"twitter:label1\" content=\"Dur\u00e9e de lecture estim\u00e9e\" \/>\n\t<meta name=\"twitter:data1\" content=\"1 minute\" \/>\n<script type=\"application\/ld+json\" class=\"yoast-schema-graph\">{\"@context\":\"https:\\\/\\\/schema.org\",\"@graph\":[{\"@type\":\"WebPage\",\"@id\":\"https:\\\/\\\/www.aquahotel.pt\\\/fr\\\/\",\"url\":\"https:\\\/\\\/www.aquahotel.pt\\\/fr\\\/\",\"name\":\"Aqua Hotel - Aqua Hotel -\",\"isPartOf\":{\"@id\":\"https:\\\/\\\/www.aquahotel.pt\\\/fr\\\/#website\"},\"datePublished\":\"2023-11-08T13:30:48+00:00\",\"dateModified\":\"2023-12-18T13:32:58+00:00\",\"description\":\"L'Aqua Hotel est l'endroit id\u00e9al pour profiter du nord et du centre du Portugal. Cet h\u00f4tel est situ\u00e9 dans le centre-ville d'Ovar, \u00e0 10 minutes \u00e0 pied de la gare et \u00e0 5 km de la plage de Furadouro. \u00c0 l'Aqua Hotel, nous offrons une large gamme de services et d'\u00e9quipements pour rendre votre s\u00e9jour aussi confortable et d\u00e9tendu que possible. L'h\u00f4tel dispose d'un restaurant pour les r\u00e9servations de groupe et d'\u00e9v\u00e9nements et dispose \u00e9galement d'un bar, l'endroit id\u00e9al pour prendre un verre et profiter d'une atmosph\u00e8re d\u00e9tendue. Profitez de notre salon et de notre espace ext\u00e9rieur, parfaits pour vous d\u00e9tendre et socialiser. Notre \u00e9quipe se d\u00e9marque par son attention, son professionnalisme et sa gentillesse\",\"breadcrumb\":{\"@id\":\"https:\\\/\\\/www.aquahotel.pt\\\/fr\\\/#breadcrumb\"},\"inLanguage\":\"fr-FR\",\"potentialAction\":[{\"@type\":\"ReadAction\",\"target\":[\"https:\\\/\\\/www.aquahotel.pt\\\/fr\\\/\"]}]},{\"@type\":\"BreadcrumbList\",\"@id\":\"https:\\\/\\\/www.aquahotel.pt\\\/fr\\\/#breadcrumb\",\"itemListElement\":[{\"@type\":\"ListItem\",\"position\":1,\"name\":\"Home\",\"item\":\"https:\\\/\\\/www.aquahotel.pt\\\/fr\\\/\"},{\"@type\":\"ListItem\",\"position\":2,\"name\":\"Aqua Hotel\"}]},{\"@type\":\"WebSite\",\"@id\":\"https:\\\/\\\/www.aquahotel.pt\\\/fr\\\/#website\",\"url\":\"https:\\\/\\\/www.aquahotel.pt\\\/fr\\\/\",\"name\":\"Aqua Hotel\",\"description\":\"\",\"potentialAction\":[{\"@type\":\"SearchAction\",\"target\":{\"@type\":\"EntryPoint\",\"urlTemplate\":\"https:\\\/\\\/www.aquahotel.pt\\\/fr\\\/?s={search_term_string}\"},\"query-input\":{\"@type\":\"PropertyValueSpecification\",\"valueRequired\":true,\"valueName\":\"search_term_string\"}}],\"inLanguage\":\"fr-FR\"}]}<\/script>\n<!-- \/ Yoast SEO plugin. -->","yoast_head_json":{"title":"Aqua Hotel - Aqua Hotel -","description":"L'Aqua Hotel est l'endroit id\u00e9al pour profiter du nord et du centre du Portugal. Cet h\u00f4tel est situ\u00e9 dans le centre-ville d'Ovar, \u00e0 10 minutes \u00e0 pied de la gare et \u00e0 5 km de la plage de Furadouro. \u00c0 l'Aqua Hotel, nous offrons une large gamme de services et d'\u00e9quipements pour rendre votre s\u00e9jour aussi confortable et d\u00e9tendu que possible. L'h\u00f4tel dispose d'un restaurant pour les r\u00e9servations de groupe et d'\u00e9v\u00e9nements et dispose \u00e9galement d'un bar, l'endroit id\u00e9al pour prendre un verre et profiter d'une atmosph\u00e8re d\u00e9tendue. Profitez de notre salon et de notre espace ext\u00e9rieur, parfaits pour vous d\u00e9tendre et socialiser. Notre \u00e9quipe se d\u00e9marque par son attention, son professionnalisme et sa gentillesse","robots":{"index":"index","follow":"follow","max-snippet":"max-snippet:-1","max-image-preview":"max-image-preview:large","max-video-preview":"max-video-preview:-1"},"canonical":"https:\/\/www.aquahotel.pt\/fr\/","og_locale":"fr_FR","og_type":"article","og_title":"Aqua Hotel - Aqua Hotel -","og_description":"L'Aqua Hotel est l'endroit id\u00e9al pour profiter du nord et du centre du Portugal. Cet h\u00f4tel est situ\u00e9 dans le centre-ville d'Ovar, \u00e0 10 minutes \u00e0 pied de la gare et \u00e0 5 km de la plage de Furadouro. \u00c0 l'Aqua Hotel, nous offrons une large gamme de services et d'\u00e9quipements pour rendre votre s\u00e9jour aussi confortable et d\u00e9tendu que possible. L'h\u00f4tel dispose d'un restaurant pour les r\u00e9servations de groupe et d'\u00e9v\u00e9nements et dispose \u00e9galement d'un bar, l'endroit id\u00e9al pour prendre un verre et profiter d'une atmosph\u00e8re d\u00e9tendue. Profitez de notre salon et de notre espace ext\u00e9rieur, parfaits pour vous d\u00e9tendre et socialiser. Notre \u00e9quipe se d\u00e9marque par son attention, son professionnalisme et sa gentillesse","og_url":"https:\/\/www.aquahotel.pt\/fr\/","og_site_name":"Aqua Hotel","article_modified_time":"2023-12-18T13:32:58+00:00","og_image":[{"width":2200,"height":1200,"url":"https:\/\/www.aquahotel.pt\/wp-content\/uploads\/sites\/79\/2023\/11\/Aqua_hotel_home_slide01-1.jpg","type":"image\/jpeg"}],"twitter_card":"summary_large_image","twitter_misc":{"Dur\u00e9e de lecture estim\u00e9e":"1 minute"},"schema":{"@context":"https:\/\/schema.org","@graph":[{"@type":"WebPage","@id":"https:\/\/www.aquahotel.pt\/fr\/","url":"https:\/\/www.aquahotel.pt\/fr\/","name":"Aqua Hotel - Aqua Hotel -","isPartOf":{"@id":"https:\/\/www.aquahotel.pt\/fr\/#website"},"datePublished":"2023-11-08T13:30:48+00:00","dateModified":"2023-12-18T13:32:58+00:00","description":"L'Aqua Hotel est l'endroit id\u00e9al pour profiter du nord et du centre du Portugal. Cet h\u00f4tel est situ\u00e9 dans le centre-ville d'Ovar, \u00e0 10 minutes \u00e0 pied de la gare et \u00e0 5 km de la plage de Furadouro. \u00c0 l'Aqua Hotel, nous offrons une large gamme de services et d'\u00e9quipements pour rendre votre s\u00e9jour aussi confortable et d\u00e9tendu que possible. L'h\u00f4tel dispose d'un restaurant pour les r\u00e9servations de groupe et d'\u00e9v\u00e9nements et dispose \u00e9galement d'un bar, l'endroit id\u00e9al pour prendre un verre et profiter d'une atmosph\u00e8re d\u00e9tendue. Profitez de notre salon et de notre espace ext\u00e9rieur, parfaits pour vous d\u00e9tendre et socialiser. Notre \u00e9quipe se d\u00e9marque par son attention, son professionnalisme et sa gentillesse","breadcrumb":{"@id":"https:\/\/www.aquahotel.pt\/fr\/#breadcrumb"},"inLanguage":"fr-FR","potentialAction":[{"@type":"ReadAction","target":["https:\/\/www.aquahotel.pt\/fr\/"]}]},{"@type":"BreadcrumbList","@id":"https:\/\/www.aquahotel.pt\/fr\/#breadcrumb","itemListElement":[{"@type":"ListItem","position":1,"name":"Home","item":"https:\/\/www.aquahotel.pt\/fr\/"},{"@type":"ListItem","position":2,"name":"Aqua Hotel"}]},{"@type":"WebSite","@id":"https:\/\/www.aquahotel.pt\/fr\/#website","url":"https:\/\/www.aquahotel.pt\/fr\/","name":"Aqua Hotel","description":"","potentialAction":[{"@type":"SearchAction","target":{"@type":"EntryPoint","urlTemplate":"https:\/\/www.aquahotel.pt\/fr\/?s={search_term_string}"},"query-input":{"@type":"PropertyValueSpecification","valueRequired":true,"valueName":"search_term_string"}}],"inLanguage":"fr-FR"}]}},"acf":[],"_links":{"self":[{"href":"https:\/\/www.aquahotel.pt\/fr\/wp-json\/wp\/v2\/pages\/7","targetHints":{"allow":["GET"]}}],"collection":[{"href":"https:\/\/www.aquahotel.pt\/fr\/wp-json\/wp\/v2\/pages"}],"about":[{"href":"https:\/\/www.aquahotel.pt\/fr\/wp-json\/wp\/v2\/types\/page"}],"author":[{"embeddable":true,"href":"https:\/\/www.aquahotel.pt\/fr\/wp-json\/wp\/v2\/users\/13"}],"replies":[{"embeddable":true,"href":"https:\/\/www.aquahotel.pt\/fr\/wp-json\/wp\/v2\/comments?post=7"}],"version-history":[{"count":0,"href":"https:\/\/www.aquahotel.pt\/fr\/wp-json\/wp\/v2\/pages\/7\/revisions"}],"wp:attachment":[{"href":"https:\/\/www.aquahotel.pt\/fr\/wp-json\/wp\/v2\/media?parent=7"}],"curies":[{"name":"wp","href":"https:\/\/api.w.org\/{rel}","templated":true}]}}